{"id":2780,"date":"2015-11-03T02:46:28","date_gmt":"2015-11-03T02:46:28","guid":{"rendered":"http:\/\/demo.thimpress.com\/eduma\/?page_id=2780"},"modified":"2024-07-03T19:21:09","modified_gmt":"2024-07-03T19:21:09","slug":"become-a-teacher","status":"publish","type":"page","link":"https:\/\/decisionsupport.institute\/fr_fr\/become-a-teacher\/","title":{"rendered":"Devenir enseignant"},"content":{"rendered":"<div data-elementor-type=\"wp-post\" data-elementor-id=\"2780\" class=\"elementor elementor-2780\">\n\t\t\t\t\t\t<section class=\"elementor-section elementor-top-section elementor-element elementor-element-ef5fe4b elementor-section-boxed elementor-section-height-default elementor-section-height-default\" data-id=\"ef5fe4b\" data-element_type=\"section\" data-e-type=\"section\">\n\t\t\t\t\t\t<div class=\"elementor-container elementor-column-gap-no\">\n\t\t\t\t\t<div class=\"elementor-column elementor-col-100 elementor-top-column elementor-element elementor-element-dcdc7a9\" data-id=\"dcdc7a9\" data-element_type=\"column\" data-e-type=\"column\">\n\t\t\t<div class=\"elementor-widget-wrap elementor-element-populated\">\n\t\t\t\t\t\t<div class=\"elementor-element elementor-element-7dcf409 thim-ekits-heading-text-center elementor-widget thim-ekits-heading elementor-widget-thim-heading\" data-id=\"7dcf409\" data-element_type=\"widget\" data-e-type=\"widget\" data-widget_type=\"thim-heading.default\">\n\t\t\t\t<div class=\"elementor-widget-container\">\n\t\t\t\t\t<div class=\"sc_heading text-center\"><h3 class=\"title\">Postuler en tant qu'instructeur <\/h3><div class=\"sub-heading\"><p>Appel \u00e0 tous les anciens CxO : Partagez votre expertise et inspirez les futurs leaders !<\/p>\n<\/div><span class=\"line\"><\/span><\/div>\t\t\t\t<\/div>\n\t\t\t\t<\/div>\n\t\t\t\t\t<\/div>\n\t\t<\/div>\n\t\t\t\t\t<\/div>\n\t\t<\/section>\n\t\t\t\t<section class=\"elementor-section elementor-top-section elementor-element elementor-element-c7807e6 elementor-section-boxed elementor-section-height-default elementor-section-height-default\" data-id=\"c7807e6\" data-element_type=\"section\" data-e-type=\"section\">\n\t\t\t\t\t\t<div class=\"elementor-container elementor-column-gap-no\">\n\t\t\t\t\t<div class=\"elementor-column elementor-col-100 elementor-top-column elementor-element elementor-element-0451d5b\" data-id=\"0451d5b\" data-element_type=\"column\" data-e-type=\"column\">\n\t\t\t<div class=\"elementor-widget-wrap elementor-element-populated\">\n\t\t\t\t\t\t<div class=\"elementor-element elementor-element-2463128 elementor-widget elementor-widget-text-editor\" data-id=\"2463128\" data-element_type=\"widget\" data-e-type=\"widget\" data-widget_type=\"text-editor.default\">\n\t\t\t\t<div class=\"elementor-widget-container\">\n\t\t\t\t\t\t\t\t\t<p style=\"text-align: center;\">Rejoignez notre mission de partage des connaissances ! Nous recherchons des professionnels ayant une exp\u00e9rience de CxO et d\u00e9sireux de contribuer g\u00e9n\u00e9reusement \u00e0 la communaut\u00e9. Si vous \u00eates passionn\u00e9 par l'enseignement et le d\u00e9veloppement de contenu \u00e9ducatif, nous vous invitons \u00e0 partager votre pr\u00e9cieuse expertise. Vos connaissances peuvent inspirer et guider la prochaine g\u00e9n\u00e9ration de dirigeants. Venez faire partie de ce voyage passionnant d'apprentissage et de croissance mutuels !<\/p>\t\t\t\t\t\t\t\t<\/div>\n\t\t\t\t<\/div>\n\t\t\t\t\t<\/div>\n\t\t<\/div>\n\t\t\t\t\t<\/div>\n\t\t<\/section>\n\t\t\t\t<section class=\"elementor-section elementor-top-section elementor-element elementor-element-b01b394 elementor-section-boxed elementor-section-height-default elementor-section-height-default\" data-id=\"b01b394\" data-element_type=\"section\" data-e-type=\"section\">\n\t\t\t\t\t\t<div class=\"elementor-container elementor-column-gap-no\">\n\t\t\t\t\t<div class=\"elementor-column elementor-col-100 elementor-top-column elementor-element elementor-element-d723cc2\" data-id=\"d723cc2\" data-element_type=\"column\" data-e-type=\"column\">\n\t\t\t<div class=\"elementor-widget-wrap elementor-element-populated\">\n\t\t\t\t\t\t<div class=\"elementor-element elementor-element-800fe82 elementor-widget elementor-widget-image\" data-id=\"800fe82\" data-element_type=\"widget\" data-e-type=\"widget\" data-widget_type=\"image.default\">\n\t\t\t\t<div class=\"elementor-widget-container\">\n\t\t\t\t\t\t\t\t\t\t\t\t\t\t\t<img fetchpriority=\"high\" decoding=\"async\" width=\"1078\" height=\"720\" src=\"https:\/\/decisionsupport.institute\/wp-content\/uploads\/2024\/07\/CEO.jpg\" class=\"attachment-full size-full wp-image-15064\" alt=\"\" srcset=\"https:\/\/decisionsupport.institute\/wp-content\/uploads\/2024\/07\/CEO.jpg 1078w, https:\/\/decisionsupport.institute\/wp-content\/uploads\/2024\/07\/CEO-300x200.jpg 300w, https:\/\/decisionsupport.institute\/wp-content\/uploads\/2024\/07\/CEO-1024x684.jpg 1024w, https:\/\/decisionsupport.institute\/wp-content\/uploads\/2024\/07\/CEO-768x513.jpg 768w, https:\/\/decisionsupport.institute\/wp-content\/uploads\/2024\/07\/CEO-18x12.jpg 18w\" sizes=\"(max-width: 1078px) 100vw, 1078px\" \/>\t\t\t\t\t\t\t\t\t\t\t\t\t\t\t<\/div>\n\t\t\t\t<\/div>\n\t\t\t\t\t<\/div>\n\t\t<\/div>\n\t\t\t\t\t<\/div>\n\t\t<\/section>\n\t\t\t\t<section class=\"elementor-section elementor-top-section elementor-element elementor-element-13605c6 elementor-section-boxed elementor-section-height-default elementor-section-height-default\" data-id=\"13605c6\" data-element_type=\"section\" data-e-type=\"section\">\n\t\t\t\t\t\t<div class=\"elementor-container elementor-column-gap-no\">\n\t\t\t\t\t<div class=\"elementor-column elementor-col-100 elementor-top-column elementor-element elementor-element-7b719b3\" data-id=\"7b719b3\" data-element_type=\"column\" data-e-type=\"column\">\n\t\t\t<div class=\"elementor-widget-wrap elementor-element-populated\">\n\t\t\t\t\t\t<div class=\"elementor-element elementor-element-76fda43 thim-ekits-heading-text-center elementor-widget thim-ekits-heading elementor-widget-thim-heading\" data-id=\"76fda43\" data-element_type=\"widget\" data-e-type=\"widget\" data-widget_type=\"thim-heading.default\">\n\t\t\t\t<div class=\"elementor-widget-container\">\n\t\t\t\t\t<div class=\"sc_heading text-center\"><h3 class=\"title\">Comment devenir enseignant <\/h3><div class=\"sub-heading\"><p>Prenez en compte les consid\u00e9rations suivantes et rejoignez notre facult\u00e9.<\/p>\n<\/div><span class=\"line\"><\/span><\/div>\t\t\t\t<\/div>\n\t\t\t\t<\/div>\n\t\t\t\t\t<\/div>\n\t\t<\/div>\n\t\t\t\t\t<\/div>\n\t\t<\/section>\n\t\t\t\t<section class=\"elementor-section elementor-top-section elementor-element elementor-element-2482687 elementor-section-boxed elementor-section-height-default elementor-section-height-default\" data-id=\"2482687\" data-element_type=\"section\" data-e-type=\"section\">\n\t\t\t\t\t\t<div class=\"elementor-container elementor-column-gap-extended\">\n\t\t\t\t\t<div class=\"elementor-column elementor-col-50 elementor-top-column elementor-element elementor-element-acc3f7f\" data-id=\"acc3f7f\" data-element_type=\"column\" data-e-type=\"column\">\n\t\t\t<div class=\"elementor-widget-wrap elementor-element-populated\">\n\t\t\t\t\t\t<div class=\"elementor-element elementor-element-847f97a elementor-widget elementor-widget-shortcode\" data-id=\"847f97a\" data-element_type=\"widget\" data-e-type=\"widget\" data-widget_type=\"shortcode.default\">\n\t\t\t\t<div class=\"elementor-widget-container\">\n\t\t\t\t\t\t\t<div class=\"elementor-shortcode\"><div class=\"learnpress\">\r\n\t\t\t\t\t\t\t\t\t<div class=\"learn-press-message success\" >\r\n\t\t\t\t Veuillez <strong><a href=\"https:\/\/decisionsupport.institute\/fr_fr\/profile\/\">connexion<\/a><\/strong> pour envoyer votre demande !\t\t\t<\/div>\r\n\r\n\t\t\r\n\t\r\n<\/div><\/div>\n\t\t\t\t\t\t<\/div>\n\t\t\t\t<\/div>\n\t\t\t\t\t<\/div>\n\t\t<\/div>\n\t\t\t\t<div class=\"elementor-column elementor-col-50 elementor-top-column elementor-element elementor-element-b0d39cc\" data-id=\"b0d39cc\" data-element_type=\"column\" data-e-type=\"column\">\n\t\t\t<div class=\"elementor-widget-wrap elementor-element-populated\">\n\t\t\t\t\t\t<div class=\"elementor-element elementor-element-05a9d4d thim-widget-tab elementor-widget thim-widget-tab template-tab\" data-id=\"05a9d4d\" data-element_type=\"widget\" data-e-type=\"widget\" data-widget_type=\"thim-tab.default\">\n\t\t\t\t<div class=\"elementor-widget-container\">\n\t\t\t\t\t<ul class=\"nav nav-tabs\" role=\"tablist\"><li role=\"presentation\" class='active tab-col-3'><a href=\"#thim-widget-tab-11776773356-1-89\"  role=\"tab\" data-toggle=\"tab\"><i class=\"fa fa-user-plus\"><\/i><span>Devenir enseignant<\/span><\/a><\/li><li role=\"presentation\" class='tab-col-3'><a href=\"#thim-widget-tab-21776773356-1-89\"  role=\"tab\" data-toggle=\"tab\"><i class=\"fa fa-list-ol\"><\/i><span>R\u00e8glement du corps enseignant<\/span><\/a><\/li><li role=\"presentation\" class='tab-col-3'><a href=\"#thim-widget-tab-31776773356-1-89\"  role=\"tab\" data-toggle=\"tab\"><i class=\"fa fa-book\"><\/i><span>Commencer par les cours<\/span><\/a><\/li><\/ul><div class=\"tab-content\"> <div role=\"tabpanel\" class=\"tab-pane active\" id=\"thim-widget-tab-11776773356-1-89\"><!DOCTYPE html>\n<html lang=\"en\">\n<head>\n    <meta charset=\"UTF-8\">\n    <meta name=\"viewport\" content=\"width=device-width, initial-scale=1.0\">\n<\/head>\n<body>\n    <p>Pour rejoindre notre facult\u00e9 en tant que CxO, les exigences suivantes pourraient \u00eatre prises en compte :<\/p>\n    <ol>\n        <li><strong>Exp\u00e9rience professionnelle<\/strong>: Avoir occup\u00e9 un poste de CxO (CEO, CFO, COO, etc.) pendant au moins 5 ans dans une entreprise reconnue.<\/li>\n        <li><strong>Comp\u00e9tences p\u00e9dagogiques<\/strong>: Exp\u00e9rience av\u00e9r\u00e9e de l'enseignement ou de la formation avec des r\u00e9f\u00e9rences ou des \u00e9valuations positives.<\/li>\n        <li><strong>Engagement en faveur de l'\u00e9ducation<\/strong>: Une passion et un engagement forts pour l'\u00e9ducation et le d\u00e9veloppement professionnel continu.<\/li>\n        <li><strong>Disponibilit\u00e9<\/strong>: Disponibilit\u00e9 pour donner r\u00e9guli\u00e8rement des cours, des ateliers ou des s\u00e9minaires en fonction des besoins du programme \u00e9ducatif.<\/li>\n        <li><strong>Mise \u00e0 jour continue<\/strong>: Se tenir au courant des derni\u00e8res tendances et avanc\u00e9es dans leur domaine professionnel afin de garantir un contenu \u00e9ducatif pertinent et actuel.<\/li>\n        <li><strong>R\u00e9f\u00e9rences professionnelles<\/strong>: Fournir des r\u00e9f\u00e9rences de coll\u00e8gues ou d'institutions qui confirment leurs capacit\u00e9s et leur \u00e9thique professionnelle.<\/li>\n        <li><strong>Adaptabilit\u00e9<\/strong>: Capacit\u00e9 \u00e0 s'adapter \u00e0 diff\u00e9rentes m\u00e9thodes d'enseignement, y compris des plateformes num\u00e9riques et en personne.<\/li>\n    <\/ol>\n    <p>Ces exigences garantissent que les membres de notre corps professoral poss\u00e8dent non seulement l'exp\u00e9rience et les connaissances n\u00e9cessaires, mais aussi la capacit\u00e9 et le d\u00e9vouement n\u00e9cessaires pour dispenser un enseignement de haute qualit\u00e9.<\/p>\n<\/body>\n<\/html><\/div> <div role=\"tabpanel\" class=\"tab-pane\" id=\"thim-widget-tab-21776773356-1-89\"><body>\n    <p>Voici les lignes directrices pour les CxOs qui rejoignent notre facult\u00e9 :<\/p>\n    <ol>\n        <li><strong>\u00c9thique professionnelle<\/strong>: Respecter les normes les plus \u00e9lev\u00e9es en mati\u00e8re d'\u00e9thique professionnelle dans toutes les interactions avec les \u00e9tudiants, les coll\u00e8gues et le personnel administratif.<\/li>\n        <li><strong>Confidentialit\u00e9<\/strong>: Respecter la confidentialit\u00e9 des informations partag\u00e9es par les \u00e9tudiants et l'institution.<\/li>\n        <li><strong>Pr\u00e9paration et ponctualit\u00e9<\/strong>: Pr\u00e9parer les cours \u00e0 l'avance et arriver \u00e0 l'heure \u00e0 toutes les s\u00e9ances pr\u00e9vues.<\/li>\n        <li><strong>\u00c9valuation \u00e9quitable<\/strong>: \u00c9valuer les \u00e9tudiants de mani\u00e8re \u00e9quitable et impartiale, en fournissant un retour d'information constructif et opportun.<\/li>\n        <li><strong>D\u00e9veloppement professionnel continu<\/strong>: S'engager dans des opportunit\u00e9s de d\u00e9veloppement professionnel continu afin d'am\u00e9liorer les comp\u00e9tences d'enseignement et de rester \u00e0 jour dans votre domaine.<\/li>\n        <li><strong>Participation active<\/strong>: Participer activement aux r\u00e9unions de la facult\u00e9, aux comit\u00e9s et \u00e0 d'autres \u00e9v\u00e9nements institutionnels.<\/li>\n        <li><strong>Accessibilit\u00e9<\/strong>: \u00catre disponible pour des consultations et un soutien aux \u00e9tudiants en dehors des heures de cours, afin d'offrir un environnement d'apprentissage inclusif et favorable.<\/li>\n        <li><strong>Innovation p\u00e9dagogique<\/strong>: Int\u00e9grer les nouvelles technologies et m\u00e9thodes d'enseignement pour am\u00e9liorer l'exp\u00e9rience \u00e9ducative.<\/li>\n        <li><strong>Respect des normes institutionnelles<\/strong>: Respecter toutes les politiques et proc\u00e9dures de l'\u00e9tablissement d'enseignement.<\/li>\n        <li><strong>Retour d'information constructif<\/strong>: Accepter et fournir un retour d'information constructif afin d'am\u00e9liorer en permanence la qualit\u00e9 du programme \u00e9ducatif.<\/li>\n    <\/ol>\n    <p>Ces lignes directrices garantissent un environnement \u00e9ducatif professionnel, \u00e9quitable et en constante am\u00e9lioration, au b\u00e9n\u00e9fice des \u00e9tudiants et de l'institution.<\/p>\n<\/body>\n<\/html><\/div> <div role=\"tabpanel\" class=\"tab-pane\" id=\"thim-widget-tab-31776773356-1-89\">Nous sommes l\u00e0 pour vous aider \u00e0 d\u00e9velopper un contenu \u00e9ducatif de haute qualit\u00e9 ! Si vous avez une id\u00e9e en t\u00eate, notre \u00e9quipe de professionnels de la conception p\u00e9dagogique est pr\u00eate \u00e0 travailler avec vous. Nous vous soutiendrons \u00e0 chaque \u00e9tape du processus afin de transformer vos connaissances et votre exp\u00e9rience en ressources d'apprentissage efficaces et innovantes. Ensemble, nous pouvons cr\u00e9er des supports p\u00e9dagogiques qui inspirent et responsabilisent la prochaine g\u00e9n\u00e9ration de dirigeants. Nous sommes impatients de collaborer avec vous et de donner vie \u00e0 votre vision de l'\u00e9ducation !<\/div><\/div>\t\t\t\t<\/div>\n\t\t\t\t<\/div>\n\t\t\t\t\t<\/div>\n\t\t<\/div>\n\t\t\t\t\t<\/div>\n\t\t<\/section>\n\t\t\t\t<\/div>","protected":false},"excerpt":{"rendered":"<p>Postulez en tant qu'instructeur Appel \u00e0 tous les anciens CxO : Partagez votre expertise et inspirez les futurs leaders ! Rejoignez notre mission de partage des connaissances ! Nous recherchons des professionnels ayant une exp\u00e9rience de CxO et d\u00e9sireux de contribuer g\u00e9n\u00e9reusement \u00e0 la communaut\u00e9. Si vous avez ... <\/p>","protected":false},"author":37,"featured_media":0,"parent":0,"menu_order":0,"comment_status":"closed","ping_status":"closed","template":"","meta":{"_bbp_topic_count":0,"_bbp_reply_count":0,"_bbp_total_topic_count":0,"_bbp_total_reply_count":0,"_bbp_voice_count":0,"_bbp_anonymous_reply_count":0,"_bbp_topic_count_hidden":0,"_bbp_reply_count_hidden":0,"_bbp_forum_subforum_count":0,"footnotes":""},"class_list":["post-2780","page","type-page","status-publish","hentry"],"_links":{"self":[{"href":"https:\/\/decisionsupport.institute\/fr_fr\/wp-json\/wp\/v2\/pages\/2780","targetHints":{"allow":["GET"]}}],"collection":[{"href":"https:\/\/decisionsupport.institute\/fr_fr\/wp-json\/wp\/v2\/pages"}],"about":[{"href":"https:\/\/decisionsupport.institute\/fr_fr\/wp-json\/wp\/v2\/types\/page"}],"author":[{"embeddable":true,"href":"https:\/\/decisionsupport.institute\/fr_fr\/wp-json\/wp\/v2\/users\/37"}],"replies":[{"embeddable":true,"href":"https:\/\/decisionsupport.institute\/fr_fr\/wp-json\/wp\/v2\/comments?post=2780"}],"version-history":[{"count":9,"href":"https:\/\/decisionsupport.institute\/fr_fr\/wp-json\/wp\/v2\/pages\/2780\/revisions"}],"predecessor-version":[{"id":15072,"href":"https:\/\/decisionsupport.institute\/fr_fr\/wp-json\/wp\/v2\/pages\/2780\/revisions\/15072"}],"wp:attachment":[{"href":"https:\/\/decisionsupport.institute\/fr_fr\/wp-json\/wp\/v2\/media?parent=2780"}],"curies":[{"name":"wp","href":"https:\/\/api.w.org\/{rel}","templated":true}]}}