{"id":14870,"date":"2024-06-26T01:26:36","date_gmt":"2024-06-26T01:26:36","guid":{"rendered":"https:\/\/decisionsupport.institute\/registration\/"},"modified":"2026-02-28T02:16:21","modified_gmt":"2026-02-28T02:16:21","slug":"registration","status":"publish","type":"page","link":"https:\/\/decisionsupport.institute\/fr_fr\/registration\/","title":{"rendered":"Inscription"},"content":{"rendered":"<div data-elementor-type=\"wp-page\" data-elementor-id=\"14870\" class=\"elementor elementor-14870\">\n\t\t\t\t<div class=\"elementor-element elementor-element-7de3fb3 e-flex e-con-boxed e-con e-parent\" data-id=\"7de3fb3\" data-element_type=\"container\" data-e-type=\"container\">\n\t\t\t\t\t<div class=\"e-con-inner\">\n\t\t\t\t<div class=\"elementor-element elementor-element-2d4ad7d elementor-widget elementor-widget-n-accordion\" data-id=\"2d4ad7d\" data-element_type=\"widget\" data-e-type=\"widget\" data-settings=\"{&quot;default_state&quot;:&quot;expanded&quot;,&quot;max_items_expended&quot;:&quot;one&quot;,&quot;n_accordion_animation_duration&quot;:{&quot;unit&quot;:&quot;ms&quot;,&quot;size&quot;:400,&quot;sizes&quot;:[]}}\" data-widget_type=\"nested-accordion.default\">\n\t\t\t\t<div class=\"elementor-widget-container\">\n\t\t\t\t\t\t\t<div class=\"e-n-accordion\" aria-label=\"Accordion. Open links with Enter or Space, close with Escape, and navigate with Arrow Keys\">\n\t\t\t\t\t\t<details id=\"e-n-accordion-item-4740\" class=\"e-n-accordion-item\" open>\n\t\t\t\t<summary class=\"e-n-accordion-item-title\" data-accordion-index=\"1\" tabindex=\"0\" aria-expanded=\"true\" aria-controls=\"e-n-accordion-item-4740\" >\n\t\t\t\t\t<span class='e-n-accordion-item-title-header'><div class=\"e-n-accordion-item-title-text\"> Appartiens-tu \u00e0 DSC ou \u00e0 DSN\/KSBs ? <\/div><\/span>\n\t\t\t\t\t\t\t<span class='e-n-accordion-item-title-icon'>\n\t\t\t<span class='e-opened' ><svg aria-hidden=\"true\" class=\"e-font-icon-svg e-fas-minus\" viewbox=\"0 0 448 512\" xmlns=\"http:\/\/www.w3.org\/2000\/svg\"><path d=\"M416 208H32c-17.67 0-32 14.33-32 32v32c0 17.67 14.33 32 32 32h384c17.67 0 32-14.33 32-32v-32c0-17.67-14.33-32-32-32z\"><\/path><\/svg><\/span>\n\t\t\t<span class='e-closed'><svg aria-hidden=\"true\" class=\"e-font-icon-svg e-fas-plus\" viewbox=\"0 0 448 512\" xmlns=\"http:\/\/www.w3.org\/2000\/svg\"><path d=\"M416 208H272V64c0-17.67-14.33-32-32-32h-32c-17.67 0-32 14.33-32 32v144H32c-17.67 0-32 14.33-32 32v32c0 17.67 14.33 32 32 32h144v144c0 17.67 14.33 32 32 32h32c17.67 0 32-14.33 32-32V304h144c17.67 0 32-14.33 32-32v-32c0-17.67-14.33-32-32-32z\"><\/path><\/svg><\/span>\n\t\t<\/span>\n\n\t\t\t\t\t\t<\/summary>\n\t\t\t\t<div role=\"region\" aria-labelledby=\"e-n-accordion-item-4740\" class=\"elementor-element elementor-element-c40826d e-con-full e-flex e-con e-child\" data-id=\"c40826d\" data-element_type=\"container\" data-e-type=\"container\">\n\t\t\t\t<div class=\"elementor-element elementor-element-52632e7 elementor-widget elementor-widget-text-editor\" data-id=\"52632e7\" data-element_type=\"widget\" data-e-type=\"widget\" data-widget_type=\"text-editor.default\">\n\t\t\t\t<div class=\"elementor-widget-container\">\n\t\t\t\t\t\t\t\t\t<p>Pour acc\u00e9der \u00e0 nos cours, vous devez appartenir \u00e0 <strong>DSC<\/strong> ou \u00e0 <strong>DSN\/KSBs<\/strong> et disposer d\u2019un <strong>DSC-ID<\/strong>. Si vous n\u2019en avez pas encore, veuillez contacter votre Board Manager ou un associ\u00e9 de DSC afin de le demander et de profiter des avantages de votre adh\u00e9sion, qui incluent l\u2019acc\u00e8s \u00e0 certains cours de <strong>DSI<\/strong> sans co\u00fbt suppl\u00e9mentaire.<\/p>\t\t\t\t\t\t\t\t<\/div>\n\t\t\t\t<\/div>\n\t\t\t\t<\/div>\n\t\t\t\t\t<\/details>\n\t\t\t\t\t\t<details id=\"e-n-accordion-item-4741\" class=\"e-n-accordion-item\" >\n\t\t\t\t<summary class=\"e-n-accordion-item-title\" data-accordion-index=\"2\" tabindex=\"-1\" aria-expanded=\"false\" aria-controls=\"e-n-accordion-item-4741\" >\n\t\t\t\t\t<span class='e-n-accordion-item-title-header'><div class=\"e-n-accordion-item-title-text\"> Premi\u00e8re prise de contact avec nous ? <\/div><\/span>\n\t\t\t\t\t\t\t<span class='e-n-accordion-item-title-icon'>\n\t\t\t<span class='e-opened' ><svg aria-hidden=\"true\" class=\"e-font-icon-svg e-fas-minus\" viewbox=\"0 0 448 512\" xmlns=\"http:\/\/www.w3.org\/2000\/svg\"><path d=\"M416 208H32c-17.67 0-32 14.33-32 32v32c0 17.67 14.33 32 32 32h384c17.67 0 32-14.33 32-32v-32c0-17.67-14.33-32-32-32z\"><\/path><\/svg><\/span>\n\t\t\t<span class='e-closed'><svg aria-hidden=\"true\" class=\"e-font-icon-svg e-fas-plus\" viewbox=\"0 0 448 512\" xmlns=\"http:\/\/www.w3.org\/2000\/svg\"><path d=\"M416 208H272V64c0-17.67-14.33-32-32-32h-32c-17.67 0-32 14.33-32 32v144H32c-17.67 0-32 14.33-32 32v32c0 17.67 14.33 32 32 32h144v144c0 17.67 14.33 32 32 32h32c17.67 0 32-14.33 32-32V304h144c17.67 0 32-14.33 32-32v-32c0-17.67-14.33-32-32-32z\"><\/path><\/svg><\/span>\n\t\t<\/span>\n\n\t\t\t\t\t\t<\/summary>\n\t\t\t\t<div role=\"region\" aria-labelledby=\"e-n-accordion-item-4741\" class=\"elementor-element elementor-element-7396105 e-con-full e-flex e-con e-child\" data-id=\"7396105\" data-element_type=\"container\" data-e-type=\"container\">\n\t\t\t\t<div class=\"elementor-element elementor-element-fd9d604 elementor-widget elementor-widget-text-editor\" data-id=\"fd9d604\" data-element_type=\"widget\" data-e-type=\"widget\" data-widget_type=\"text-editor.default\">\n\t\t\t\t<div class=\"elementor-widget-container\">\n\t\t\t\t\t\t\t\t\t<p>Si vous n\u2019appartenez pas \u00e0 <strong>DSC<\/strong> ou \u00e0 <strong>DSN\/KSBs<\/strong> et souhaitez vous inscrire \u00e0 nos cours, veuillez remplir le formulaire d\u2019inscription suivant. Nous vous fournirons un <strong>DSC-ID<\/strong> une fois votre inscription accept\u00e9e. Les informations que vous fournissez seront trait\u00e9es de mani\u00e8re confidentielle et utilis\u00e9es uniquement pour d\u00e9terminer votre \u00e9ligibilit\u00e9. (<a href=\"https:\/\/decisionsupport.network\/fr_fr\/privacy-policy\/\" target=\"_blank\" rel=\"noopener\">Consultez nos politiques de confidentialit\u00e9 ici<\/a>)<\/p>\t\t\t\t\t\t\t\t<\/div>\n\t\t\t\t<\/div>\n\t\t\t\t<div class=\"elementor-element elementor-element-8023f13 elementor-widget elementor-widget-html\" data-id=\"8023f13\" data-element_type=\"widget\" data-e-type=\"widget\" data-widget_type=\"html.default\">\n\t\t\t\t<div class=\"elementor-widget-container\">\n\t\t\t\t\t<!doctype html>\r\n<html lang=\"es\">\r\n<head>\r\n  <meta charset=\"utf-8\">\r\n  <meta name=\"viewport\" content=\"width=device-width, initial-scale=1\">\r\n  <style>\r\n    body {\r\n      margin: 0;\r\n      font-family: system-ui, -apple-system, Segoe UI, Roboto, Arial, sans-serif;\r\n      background: #ffffff;\r\n      color: #111;\r\n    }\r\n\r\n    .wrap {\r\n      max-width: 1000px;\r\n      margin: 0 auto;\r\n      padding: 24px 16px 48px;\r\n    }\r\n\r\n    .card {\r\n      border: 1px solid #e5e5e5;\r\n      border-radius: 20px;\r\n      padding: 20px;\r\n      box-shadow: 0 4px 14px rgba(0,0,0,0.04);\r\n    }\r\n\r\n    h1 {\r\n      font-size: 20px;\r\n      font-weight: 600;\r\n      margin: 0 0 8px;\r\n    }\r\n\r\n    p {\r\n      font-size: 14px;\r\n      color: #333;\r\n      line-height: 1.5;\r\n      margin: 0 0 16px;\r\n    }\r\n\r\n    iframe {\r\n      width: 100%;\r\n      height: 880px;\r\n      border: 0;\r\n      border-radius: 16px;\r\n      background: #f6f6f6;\r\n    }\r\n\r\n    .actions {\r\n      display: flex;\r\n      gap: 14px;\r\n      flex-wrap: wrap;\r\n      justify-content: space-between;\r\n      align-items: center;\r\n      margin-top: 20px;\r\n    }\r\n\r\n    .btn {\r\n      display: inline-block;\r\n      text-decoration: none;\r\n      border-radius: 30px;\r\n      padding: 12px 22px;\r\n      font-size: 14px;\r\n      font-weight: 600;\r\n      transition: all .2s ease;\r\n      cursor: pointer;\r\n      white-space: nowrap;\r\n    }\r\n\r\n    .btn-primary {\r\n      background: #ffffff;\r\n      color: #000000;\r\n      border: 2px solid #000000;\r\n    }\r\n\r\n    .btn-primary:hover {\r\n      background: #000000;\r\n      color: #ffffff;\r\n    }\r\n\r\n    .btn-secondary {\r\n      background: #f2f2f2;\r\n      color: #000000;\r\n      border: 1px solid #cccccc;\r\n    }\r\n\r\n    .btn-secondary:hover {\r\n      background: #e6e6e6;\r\n    }\r\n\r\n    .note {\r\n      font-size: 12px;\r\n      color: #666;\r\n      max-width: 420px;\r\n    }\r\n\r\n    @media (max-width: 600px) {\r\n      iframe {\r\n        height: 920px;\r\n      }\r\n      .actions {\r\n        flex-direction: column;\r\n        align-items: stretch;\r\n      }\r\n      .btn {\r\n        text-align: center;\r\n      }\r\n    }\r\n  <\/style>\r\n<\/head>\r\n\r\n<body>\r\n  <div class=\"wrap\">\r\n    <div class=\"card\">\r\n\r\n      <h1>Formulaire d\u2019inscription DSI<\/h1>\r\n      <p>\r\n       Remplissez le formulaire et cliquez sur <strong>Soumettre<\/strong>\r\n. Une fois soumis, cliquez sur <strong>Continuer<\/strong> pour acc\u00e9der aux programmes disponibles.\r\n      <\/p>\r\n\r\n      <iframe\r\n        src=\"https:\/\/forms.office.com\/r\/gtanHAfj2F\"\r\n        loading=\"lazy\"\r\n        allowfullscreen\r\n title=\"Formulario Microsoft Forms\">\r\n      <\/iframe>\r\n\r\n      <div class=\"actions\">\r\n        <a\r\n          class=\"btn btn-primary\"\r\n          href=\"https:\/\/decisionsupport.institute\/fr_fr\/programs\/\">\r\n          Continuer\r\n        <\/a>\r\n\r\n        <a\r\n          class=\"btn btn-secondary\"\r\n          href=\"https:\/\/forms.office.com\/r\/gtanHAfj2F\"\r\n          target=\"_blank\"\r\n          rel=\"noopener noreferrer\">\r\n          Ouvrir le formulaire dans un nouvel onglet\r\n        <\/a>\r\n\r\n        \r\n      <\/div>\r\n\r\n    <\/div>\r\n  <\/div>\r\n<\/body>\r\n<\/html>\t\t\t\t<\/div>\n\t\t\t\t<\/div>\n\t\t\t\t<\/div>\n\t\t\t\t\t<\/details>\n\t\t\t\t\t<\/div>\n\t\t\t\t\t\t<\/div>\n\t\t\t\t<\/div>\n\t\t\t\t\t<\/div>\n\t\t\t\t<\/div>\n\t\t<div class=\"elementor-element elementor-element-5ae26f4 e-flex e-con-boxed e-con e-parent\" data-id=\"5ae26f4\" data-element_type=\"container\" data-e-type=\"container\">\n\t\t\t\t\t<div class=\"e-con-inner\">\n\t\t\t\t\t<\/div>\n\t\t\t\t<\/div>\n\t\t\t\t<\/div>","protected":false},"excerpt":{"rendered":"<p>Do you belong to DSC or DSN\/KSBs? To access our courses, you must belong to DSC or DSN\/KSBs and have a DSC-ID. If you do not have one yet, please contact your Board Manager or a DSC associate to request &hellip; <\/p>","protected":false},"author":37,"featured_media":0,"parent":0,"menu_order":0,"comment_status":"closed","ping_status":"closed","template":"","meta":{"_bbp_topic_count":0,"_bbp_reply_count":0,"_bbp_total_topic_count":0,"_bbp_total_reply_count":0,"_bbp_voice_count":0,"_bbp_anonymous_reply_count":0,"_bbp_topic_count_hidden":0,"_bbp_reply_count_hidden":0,"_bbp_forum_subforum_count":0,"footnotes":""},"class_list":["post-14870","page","type-page","status-publish","hentry"],"_links":{"self":[{"href":"https:\/\/decisionsupport.institute\/fr_fr\/wp-json\/wp\/v2\/pages\/14870","targetHints":{"allow":["GET"]}}],"collection":[{"href":"https:\/\/decisionsupport.institute\/fr_fr\/wp-json\/wp\/v2\/pages"}],"about":[{"href":"https:\/\/decisionsupport.institute\/fr_fr\/wp-json\/wp\/v2\/types\/page"}],"author":[{"embeddable":true,"href":"https:\/\/decisionsupport.institute\/fr_fr\/wp-json\/wp\/v2\/users\/37"}],"replies":[{"embeddable":true,"href":"https:\/\/decisionsupport.institute\/fr_fr\/wp-json\/wp\/v2\/comments?post=14870"}],"version-history":[{"count":48,"href":"https:\/\/decisionsupport.institute\/fr_fr\/wp-json\/wp\/v2\/pages\/14870\/revisions"}],"predecessor-version":[{"id":19758,"href":"https:\/\/decisionsupport.institute\/fr_fr\/wp-json\/wp\/v2\/pages\/14870\/revisions\/19758"}],"wp:attachment":[{"href":"https:\/\/decisionsupport.institute\/fr_fr\/wp-json\/wp\/v2\/media?parent=14870"}],"curies":[{"name":"wp","href":"https:\/\/api.w.org\/{rel}","templated":true}]}}