{"id":2780,"date":"2015-11-03T02:46:28","date_gmt":"2015-11-03T02:46:28","guid":{"rendered":"http:\/\/demo.thimpress.com\/eduma\/?page_id=2780"},"modified":"2024-07-03T19:21:09","modified_gmt":"2024-07-03T19:21:09","slug":"become-a-teacher","status":"publish","type":"page","link":"https:\/\/decisionsupport.institute\/es_es\/become-a-teacher\/","title":{"rendered":"Convi\u00e9rtete en profesor"},"content":{"rendered":"<div data-elementor-type=\"wp-post\" data-elementor-id=\"2780\" class=\"elementor elementor-2780\">\n\t\t\t\t\t\t<section class=\"elementor-section elementor-top-section elementor-element elementor-element-ef5fe4b elementor-section-boxed elementor-section-height-default elementor-section-height-default\" data-id=\"ef5fe4b\" data-element_type=\"section\" data-e-type=\"section\">\n\t\t\t\t\t\t<div class=\"elementor-container elementor-column-gap-no\">\n\t\t\t\t\t<div class=\"elementor-column elementor-col-100 elementor-top-column elementor-element elementor-element-dcdc7a9\" data-id=\"dcdc7a9\" data-element_type=\"column\" data-e-type=\"column\">\n\t\t\t<div class=\"elementor-widget-wrap elementor-element-populated\">\n\t\t\t\t\t\t<div class=\"elementor-element elementor-element-7dcf409 thim-ekits-heading-text-center elementor-widget thim-ekits-heading elementor-widget-thim-heading\" data-id=\"7dcf409\" data-element_type=\"widget\" data-e-type=\"widget\" data-widget_type=\"thim-heading.default\">\n\t\t\t\t<div class=\"elementor-widget-container\">\n\t\t\t\t\t<div class=\"sc_heading text-center\"><h3 class=\"title\">Aplicar como Instructor <\/h3><div class=\"sub-heading\"><p>Llamamiento a todos los antiguos CxO: Comparta su experiencia e inspire a futuros l\u00edderes.<\/p>\n<\/div><span class=\"line\"><\/span><\/div>\t\t\t\t<\/div>\n\t\t\t\t<\/div>\n\t\t\t\t\t<\/div>\n\t\t<\/div>\n\t\t\t\t\t<\/div>\n\t\t<\/section>\n\t\t\t\t<section class=\"elementor-section elementor-top-section elementor-element elementor-element-c7807e6 elementor-section-boxed elementor-section-height-default elementor-section-height-default\" data-id=\"c7807e6\" data-element_type=\"section\" data-e-type=\"section\">\n\t\t\t\t\t\t<div class=\"elementor-container elementor-column-gap-no\">\n\t\t\t\t\t<div class=\"elementor-column elementor-col-100 elementor-top-column elementor-element elementor-element-0451d5b\" data-id=\"0451d5b\" data-element_type=\"column\" data-e-type=\"column\">\n\t\t\t<div class=\"elementor-widget-wrap elementor-element-populated\">\n\t\t\t\t\t\t<div class=\"elementor-element elementor-element-2463128 elementor-widget elementor-widget-text-editor\" data-id=\"2463128\" data-element_type=\"widget\" data-e-type=\"widget\" data-widget_type=\"text-editor.default\">\n\t\t\t\t<div class=\"elementor-widget-container\">\n\t\t\t\t\t\t\t\t\t<p style=\"text-align: center;\">\u00a1\u00danase a nuestra misi\u00f3n de compartir conocimientos! Buscamos profesionales con experiencia en CxO que est\u00e9n deseosos de contribuir generosamente a la comunidad. Si le apasiona ense\u00f1ar y desarrollar contenidos educativos, le invitamos a compartir su valiosa experiencia. Sus conocimientos pueden inspirar y guiar a la pr\u00f3xima generaci\u00f3n de l\u00edderes. \u00a1Venga y forme parte de este apasionante viaje de aprendizaje y crecimiento mutuos!<\/p>\t\t\t\t\t\t\t\t<\/div>\n\t\t\t\t<\/div>\n\t\t\t\t\t<\/div>\n\t\t<\/div>\n\t\t\t\t\t<\/div>\n\t\t<\/section>\n\t\t\t\t<section class=\"elementor-section elementor-top-section elementor-element elementor-element-b01b394 elementor-section-boxed elementor-section-height-default elementor-section-height-default\" data-id=\"b01b394\" data-element_type=\"section\" data-e-type=\"section\">\n\t\t\t\t\t\t<div class=\"elementor-container elementor-column-gap-no\">\n\t\t\t\t\t<div class=\"elementor-column elementor-col-100 elementor-top-column elementor-element elementor-element-d723cc2\" data-id=\"d723cc2\" data-element_type=\"column\" data-e-type=\"column\">\n\t\t\t<div class=\"elementor-widget-wrap elementor-element-populated\">\n\t\t\t\t\t\t<div class=\"elementor-element elementor-element-800fe82 elementor-widget elementor-widget-image\" data-id=\"800fe82\" data-element_type=\"widget\" data-e-type=\"widget\" data-widget_type=\"image.default\">\n\t\t\t\t<div class=\"elementor-widget-container\">\n\t\t\t\t\t\t\t\t\t\t\t\t\t\t\t<img fetchpriority=\"high\" decoding=\"async\" width=\"1078\" height=\"720\" src=\"https:\/\/decisionsupport.institute\/wp-content\/uploads\/2024\/07\/CEO.jpg\" class=\"attachment-full size-full wp-image-15064\" alt=\"\" srcset=\"https:\/\/decisionsupport.institute\/wp-content\/uploads\/2024\/07\/CEO.jpg 1078w, https:\/\/decisionsupport.institute\/wp-content\/uploads\/2024\/07\/CEO-300x200.jpg 300w, https:\/\/decisionsupport.institute\/wp-content\/uploads\/2024\/07\/CEO-1024x684.jpg 1024w, https:\/\/decisionsupport.institute\/wp-content\/uploads\/2024\/07\/CEO-768x513.jpg 768w, https:\/\/decisionsupport.institute\/wp-content\/uploads\/2024\/07\/CEO-18x12.jpg 18w\" sizes=\"(max-width: 1078px) 100vw, 1078px\" \/>\t\t\t\t\t\t\t\t\t\t\t\t\t\t\t<\/div>\n\t\t\t\t<\/div>\n\t\t\t\t\t<\/div>\n\t\t<\/div>\n\t\t\t\t\t<\/div>\n\t\t<\/section>\n\t\t\t\t<section class=\"elementor-section elementor-top-section elementor-element elementor-element-13605c6 elementor-section-boxed elementor-section-height-default elementor-section-height-default\" data-id=\"13605c6\" data-element_type=\"section\" data-e-type=\"section\">\n\t\t\t\t\t\t<div class=\"elementor-container elementor-column-gap-no\">\n\t\t\t\t\t<div class=\"elementor-column elementor-col-100 elementor-top-column elementor-element elementor-element-7b719b3\" data-id=\"7b719b3\" data-element_type=\"column\" data-e-type=\"column\">\n\t\t\t<div class=\"elementor-widget-wrap elementor-element-populated\">\n\t\t\t\t\t\t<div class=\"elementor-element elementor-element-76fda43 thim-ekits-heading-text-center elementor-widget thim-ekits-heading elementor-widget-thim-heading\" data-id=\"76fda43\" data-element_type=\"widget\" data-e-type=\"widget\" data-widget_type=\"thim-heading.default\">\n\t\t\t\t<div class=\"elementor-widget-container\">\n\t\t\t\t\t<div class=\"sc_heading text-center\"><h3 class=\"title\">C\u00f3mo ser profesor <\/h3><div class=\"sub-heading\"><p>Tenga en cuenta las siguientes consideraciones y \u00fanase a nuestro cuerpo docente.<\/p>\n<\/div><span class=\"line\"><\/span><\/div>\t\t\t\t<\/div>\n\t\t\t\t<\/div>\n\t\t\t\t\t<\/div>\n\t\t<\/div>\n\t\t\t\t\t<\/div>\n\t\t<\/section>\n\t\t\t\t<section class=\"elementor-section elementor-top-section elementor-element elementor-element-2482687 elementor-section-boxed elementor-section-height-default elementor-section-height-default\" data-id=\"2482687\" data-element_type=\"section\" data-e-type=\"section\">\n\t\t\t\t\t\t<div class=\"elementor-container elementor-column-gap-extended\">\n\t\t\t\t\t<div class=\"elementor-column elementor-col-50 elementor-top-column elementor-element elementor-element-acc3f7f\" data-id=\"acc3f7f\" data-element_type=\"column\" data-e-type=\"column\">\n\t\t\t<div class=\"elementor-widget-wrap elementor-element-populated\">\n\t\t\t\t\t\t<div class=\"elementor-element elementor-element-847f97a elementor-widget elementor-widget-shortcode\" data-id=\"847f97a\" data-element_type=\"widget\" data-e-type=\"widget\" data-widget_type=\"shortcode.default\">\n\t\t\t\t<div class=\"elementor-widget-container\">\n\t\t\t\t\t\t\t<div class=\"elementor-shortcode\"><div class=\"learnpress\">\r\n\t\t\t\t\t\t\t\t\t<div class=\"learn-press-message success\" >\r\n\t\t\t\t Por favor, <strong><a href=\"https:\/\/decisionsupport.institute\/es_es\/profile\/\">con\u00e9ctate<\/a><\/strong> para enviar su solicitud\t\t\t<\/div>\r\n\r\n\t\t\r\n\t\r\n<\/div><\/div>\n\t\t\t\t\t\t<\/div>\n\t\t\t\t<\/div>\n\t\t\t\t\t<\/div>\n\t\t<\/div>\n\t\t\t\t<div class=\"elementor-column elementor-col-50 elementor-top-column elementor-element elementor-element-b0d39cc\" data-id=\"b0d39cc\" data-element_type=\"column\" data-e-type=\"column\">\n\t\t\t<div class=\"elementor-widget-wrap elementor-element-populated\">\n\t\t\t\t\t\t<div class=\"elementor-element elementor-element-05a9d4d thim-widget-tab elementor-widget thim-widget-tab template-tab\" data-id=\"05a9d4d\" data-element_type=\"widget\" data-e-type=\"widget\" data-widget_type=\"thim-tab.default\">\n\t\t\t\t<div class=\"elementor-widget-container\">\n\t\t\t\t\t<ul class=\"nav nav-tabs\" role=\"tablist\"><li role=\"presentation\" class='active tab-col-3'><a href=\"#thim-widget-tab-11776779051-1-31\"  role=\"tab\" data-toggle=\"tab\"><i class=\"fa fa-user-plus\"><\/i><span>Convi\u00e9rtete en profesor<\/span><\/a><\/li><li role=\"presentation\" class='tab-col-3'><a href=\"#thim-widget-tab-21776779051-1-31\"  role=\"tab\" data-toggle=\"tab\"><i class=\"fa fa-list-ol\"><\/i><span>Reglamento del profesorado<\/span><\/a><\/li><li role=\"presentation\" class='tab-col-3'><a href=\"#thim-widget-tab-31776779051-1-31\"  role=\"tab\" data-toggle=\"tab\"><i class=\"fa fa-book\"><\/i><span>Empezar con cursos<\/span><\/a><\/li><\/ul><div class=\"tab-content\"> <div role=\"tabpanel\" class=\"tab-pane active\" id=\"thim-widget-tab-11776779051-1-31\"><!DOCTYPE html>\n<html lang=\"en\">\n<head>\n    <meta charset=\"UTF-8\">\n    <meta name=\"viewport\" content=\"width=device-width, initial-scale=1.0\">\n<\/head>\n<body>\n    <p>Para formar parte de nuestra facultad como CxO, se podr\u00edan considerar los siguientes requisitos:<\/p>\n    <ol>\n        <li><strong>Experiencia profesional<\/strong>: Ha ocupado un puesto de CxO (CEO, CFO, COO, etc.) durante al menos 5 a\u00f1os en una empresa reconocida.<\/li>\n        <li><strong>Habilidades docentes<\/strong>: Experiencia demostrada en docencia o formaci\u00f3n con referencias o evaluaciones positivas.<\/li>\n        <li><strong>Compromiso con la educaci\u00f3n<\/strong>: Una gran pasi\u00f3n y compromiso con la educaci\u00f3n y el desarrollo profesional continuo.<\/li>\n        <li><strong>Disponibilidad<\/strong>: Disponibilidad para impartir regularmente clases, talleres o seminarios en funci\u00f3n de las necesidades del programa educativo.<\/li>\n        <li><strong>Actualizaci\u00f3n continua<\/strong>: Mantenerse al d\u00eda de las \u00faltimas tendencias y avances en su campo profesional para garantizar un contenido educativo pertinente y actual.<\/li>\n        <li><strong>Referencias profesionales<\/strong>: Aportar referencias de colegas o instituciones que avalen su capacidad y \u00e9tica profesional.<\/li>\n        <li><strong>Adaptabilidad<\/strong>: Capacidad para adaptarse a diferentes m\u00e9todos de ense\u00f1anza, incluidas plataformas digitales y presenciales.<\/li>\n    <\/ol>\n    <p>Estos requisitos garantizan que nuestro profesorado no s\u00f3lo tenga la experiencia y los conocimientos necesarios, sino tambi\u00e9n la capacidad y la dedicaci\u00f3n para impartir una ense\u00f1anza de alta calidad.<\/p>\n<\/body>\n<\/html><\/div> <div role=\"tabpanel\" class=\"tab-pane\" id=\"thim-widget-tab-21776779051-1-31\"><body>\n    <p>Estas son las directrices para que los CxO se unan a nuestra facultad:<\/p>\n    <ol>\n        <li><strong>\u00c9tica profesional<\/strong>: Mantener los m\u00e1s altos est\u00e1ndares de \u00e9tica profesional en todas las interacciones con los estudiantes, colegas y personal administrativo.<\/li>\n        <li><strong>Confidencialidad<\/strong>: Respetar la confidencialidad de la informaci\u00f3n compartida por los estudiantes y la instituci\u00f3n.<\/li>\n        <li><strong>Preparaci\u00f3n y puntualidad<\/strong>: Preparar las clases con antelaci\u00f3n y llegar puntualmente a todas las sesiones programadas.<\/li>\n        <li><strong>Evaluaci\u00f3n justa<\/strong>: Evaluar a los estudiantes de forma justa e imparcial, proporcion\u00e1ndoles comentarios constructivos y oportunos.<\/li>\n        <li><strong>Desarrollo profesional continuo<\/strong>: Participe en oportunidades de desarrollo profesional continuo para mejorar sus habilidades docentes y mantenerse al d\u00eda en su campo.<\/li>\n        <li><strong>Participaci\u00f3n activa<\/strong>: Participar activamente en reuniones de la facultad, comit\u00e9s y otros eventos institucionales.<\/li>\n        <li><strong>Accesibilidad<\/strong>: Estar disponible para las consultas y el apoyo de los estudiantes fuera de las horas de clase, proporcionando un entorno de aprendizaje inclusivo y de apoyo.<\/li>\n        <li><strong>Innovaci\u00f3n docente<\/strong>: Incorporar nuevas tecnolog\u00edas y m\u00e9todos de ense\u00f1anza para mejorar la experiencia educativa.<\/li>\n        <li><strong>Cumplimiento de las normas institucionales<\/strong>: Adherirse a todas las pol\u00edticas y procedimientos de la instituci\u00f3n educativa.<\/li>\n        <li><strong>Comentarios constructivos<\/strong>: Aceptar y proporcionar comentarios constructivos para mejorar continuamente la calidad del programa educativo.<\/li>\n    <\/ol>\n    <p>Estas directrices garantizan un entorno educativo profesional, justo y en continua mejora, que beneficia tanto a los estudiantes como a la instituci\u00f3n.<\/p>\n<\/body>\n<\/html><\/div> <div role=\"tabpanel\" class=\"tab-pane\" id=\"thim-widget-tab-31776779051-1-31\">Estamos aqu\u00ed para ayudarle a desarrollar contenidos educativos de alta calidad. Si tiene una idea en mente, nuestro equipo de profesionales del dise\u00f1o did\u00e1ctico est\u00e1 listo para trabajar con usted. Le apoyaremos en cada paso del proceso para transformar sus conocimientos y experiencia en recursos de aprendizaje eficaces e innovadores. Juntos, podemos crear materiales educativos que inspiren y capaciten a la pr\u00f3xima generaci\u00f3n de l\u00edderes. Estamos deseando colaborar con usted y hacer realidad su visi\u00f3n educativa.<\/div><\/div>\t\t\t\t<\/div>\n\t\t\t\t<\/div>\n\t\t\t\t\t<\/div>\n\t\t<\/div>\n\t\t\t\t\t<\/div>\n\t\t<\/section>\n\t\t\t\t<\/div>","protected":false},"excerpt":{"rendered":"<p>Aplicar como Instructor Llamando a todos los ex CxOs: Comparta su experiencia e inspire a futuros l\u00edderes. \u00a1\u00danase a nuestra misi\u00f3n de compartir conocimientos! Buscamos profesionales con experiencia como CxO que deseen contribuir generosamente a la comunidad. Si tiene ... <\/p>","protected":false},"author":37,"featured_media":0,"parent":0,"menu_order":0,"comment_status":"closed","ping_status":"closed","template":"","meta":{"_bbp_topic_count":0,"_bbp_reply_count":0,"_bbp_total_topic_count":0,"_bbp_total_reply_count":0,"_bbp_voice_count":0,"_bbp_anonymous_reply_count":0,"_bbp_topic_count_hidden":0,"_bbp_reply_count_hidden":0,"_bbp_forum_subforum_count":0,"footnotes":""},"class_list":["post-2780","page","type-page","status-publish","hentry"],"_links":{"self":[{"href":"https:\/\/decisionsupport.institute\/es_es\/wp-json\/wp\/v2\/pages\/2780","targetHints":{"allow":["GET"]}}],"collection":[{"href":"https:\/\/decisionsupport.institute\/es_es\/wp-json\/wp\/v2\/pages"}],"about":[{"href":"https:\/\/decisionsupport.institute\/es_es\/wp-json\/wp\/v2\/types\/page"}],"author":[{"embeddable":true,"href":"https:\/\/decisionsupport.institute\/es_es\/wp-json\/wp\/v2\/users\/37"}],"replies":[{"embeddable":true,"href":"https:\/\/decisionsupport.institute\/es_es\/wp-json\/wp\/v2\/comments?post=2780"}],"version-history":[{"count":9,"href":"https:\/\/decisionsupport.institute\/es_es\/wp-json\/wp\/v2\/pages\/2780\/revisions"}],"predecessor-version":[{"id":15072,"href":"https:\/\/decisionsupport.institute\/es_es\/wp-json\/wp\/v2\/pages\/2780\/revisions\/15072"}],"wp:attachment":[{"href":"https:\/\/decisionsupport.institute\/es_es\/wp-json\/wp\/v2\/media?parent=2780"}],"curies":[{"name":"wp","href":"https:\/\/api.w.org\/{rel}","templated":true}]}}